{"id":83,"date":"2024-12-23T15:23:00","date_gmt":"2024-12-23T15:23:00","guid":{"rendered":"https:\/\/berthold-faust.de\/?page_id=83"},"modified":"2025-11-08T11:27:44","modified_gmt":"2025-11-08T11:27:44","slug":"veroeffentlichungen","status":"publish","type":"page","link":"https:\/\/berthold-faust.de\/gb\/veroeffentlichungen\/","title":{"rendered":"Ver\u00f6ffentlichungen"},"content":{"rendered":"\n<div style=\"background-image:url(&apos;https:\/\/berthold-faust.de\/wp-content\/uploads\/2024\/12\/Berthold-Faust-Oestliche-Impression-in-Frankfurter-Park.jpg&apos;);background-size:cover;\" class=\"wp-block-group alignfull is-layout-constrained wp-block-group-is-layout-constrained has-background\">\n<div style=\"height:0px\" aria-hidden=\"true\" class=\"wp-block-spacer\"><\/div>\n<\/div>\n\n\n\n<div style=\"height:50px\" aria-hidden=\"true\" class=\"wp-block-spacer\"><\/div>\n\n\n\n<h2 class=\"wp-block-heading\">Biografie<\/h2>\n\n\n\n<div class=\"wp-block-columns is-layout-flex wp-container-core-columns-is-layout-28f84493 wp-block-columns-is-layout-flex\">\n<div class=\"wp-block-column is-layout-flow wp-block-column-is-layout-flow\">\n<figure class=\"wp-block-image aligncenter size-large is-resized\"><img loading=\"lazy\" decoding=\"async\" width=\"726\" height=\"1024\" src=\"https:\/\/berthold-faust.de\/wp-content\/uploads\/2025\/01\/Cover-Titelbild-fuer-Buch-726x1024.png\" alt=\"\" class=\"wp-image-236\" style=\"width:318px;height:auto\" srcset=\"https:\/\/berthold-faust.de\/wp-content\/uploads\/2025\/01\/Cover-Titelbild-fuer-Buch-726x1024.png 726w, https:\/\/berthold-faust.de\/wp-content\/uploads\/2025\/01\/Cover-Titelbild-fuer-Buch-213x300.png 213w, https:\/\/berthold-faust.de\/wp-content\/uploads\/2025\/01\/Cover-Titelbild-fuer-Buch-768x1084.png 768w, https:\/\/berthold-faust.de\/wp-content\/uploads\/2025\/01\/Cover-Titelbild-fuer-Buch-1088x1536.png 1088w, https:\/\/berthold-faust.de\/wp-content\/uploads\/2025\/01\/Cover-Titelbild-fuer-Buch.png 1417w\" sizes=\"auto, (max-width: 726px) 100vw, 726px\" \/><\/figure>\n<\/div>\n\n\n\n<div class=\"wp-block-column is-layout-flow wp-block-column-is-layout-flow\" style=\"flex-basis:70%\">\n<p><strong>Forthcoming publication\u00a0<\/strong><\/p>\n\n\n\n<p>Berthold Faust, born on June 6, 1935, in Hofheim am Taunus, became an artist who gained a reputation beyond the\u00a0confines\u00a0of his hometown as a preeminent naturalist and one of the best illustrators of birds in their natural environment.\u00a0The various stages of his artistic development towards professional success are illustrated in this book, in particular through his numerous paintings and drawings. <\/p>\n\n\n\n<p>His childhood, his parents&#8217; home, and his siblings reflect a piece of Hofheim&#8217;s, indeed Germany&#8217;s, history during the Third Reich and the post-war period. This period, the fate of his older brothers and the story of his sister, Hilde Reinhardt, all of whom would pursue artistic careers, are detailed in the second part of this book. <\/p>\n\n\n\n<p>Faust&#8217;s enthusiasm for jazz, his apprenticeship with the painter Ludwig Meidner, his commitment to nature conservation, and his attachment to the landscapes of the southern Taunus mountains (Vordertaunus) are central aspects of his life. However, his graphic arts training\u00a0would\u00a0begin in the city of Frankfurt am Main..\u00a0<\/p>\n<\/div>\n<\/div>\n\n\n\n<h2 class=\"wp-block-heading\">Publications<\/h2>\n\n\n\n<div style=\"height:50px\" aria-hidden=\"true\" class=\"wp-block-spacer\"><\/div>\n\n\n\n<ul class=\"wp-block-list\">\n<li>1977 Jorek Norbert\/ Rudolf Schreiber, Bedrohte V\u00f6gel unserer Heimat. Das gro\u00dfe Sammel-Lexikon, H\u00d6RZU 1. Januar 1977<\/li>\n\n\n\n<li>1978 Eberhard Trumler, Unsere Hunde. Das gro\u00dfe H\u00d6RZU Sammelalbum, Neu-Isenburg 1978<\/li>\n\n\n\n<li>1978 Rudolf Schreiber \/ Horst Stern\/ Frederic Vester \/ Gerhard Thielcke (Hrsgg.), Rettet die V\u00f6gel \u2013 wir brauchen sie, M\u00fcnchen\/Berlin 1978 (Umschlaggestaltung, zahlreiche Illustrationen, komplettes Layout von BF)<\/li>\n\n\n\n<li>1979 Wolfgang Dietzen\/ Horst Schreiber\/ Horst Stern, Die Welt unserer Tiere. Das gro\u00dfe H\u00d6RZU Sammel-Album<\/li>\n\n\n\n<li>1979 Deutscher Jagdschutzverband (DJV), Unser Wasserwild. Bestimmungstabelle f\u00fcr J\u00e4ger und Naturfreunde, Mainz 1979<\/li>\n\n\n\n<li>1980 Rudolf Schreiber (Hrsg.), Rettet die Wildtiere, Stuttgart 1980. Umschlag, Layout, Illustrationen BF<\/li>\n\n\n\n<li>1981 Deutscher Jagdschutzverband (DJV), Unsere Greifv\u00f6gel. Bestimmungstabelle f\u00fcr J\u00e4ger und Naturfreunde, Mainz 1981 und Bonn 2006<\/li>\n\n\n\n<li>1983 Rudolf Schreiber (Hrsg.), Retter die Fr\u00f6sche, Stuttgart 1983. Layout und Illustrationen BF<\/li>\n\n\n\n<li>1985 Claus-Peter Hutter\/ Gerhard Thielke\/ Claus-Peter Herrn\/ Berthold Faust, Naturschutz in der Gemeinde. Praktischer Ratgeber f\u00fcr Jedermann, Stuttgart 1985<\/li>\n\n\n\n<li>1986 Wir malen was lebt in Wald und Flur , Serie Biologie Heft 1, malen+lernen, Dieter Hoffmann-Verlag, Mainz-Ebersheim 1986<\/li>\n\n\n\n<li>1989-1990 Wir malen J\u00e4ger der Wildbahn. Wir malen was lebt in Wald und Flug. Wir malen V\u00f6gel aller Erdteile, Wir malen die buntesten Fische der Welt, Serie Biologie. Heft 2 \u2013 5, Dieter Hoffmann Verlag, Mainz, 1989-1990. Neuauflage Deutscher Jagdverband e.V. 2012 ff.<\/li>\n\n\n\n<li>1988 Berthold Faust \/ Claus-Peter Hutter, Wunderland am Wegesrand, Stuttgart 1988. Zahlreiche Texte und Illustrationen BF<\/li>\n\n\n\n<li>1989 Berthold Faust \/ Dieter Hoffmann, Wir malen J\u00e4ger der Wildbahn, dh-Verlag, 1989<\/li>\n\n\n\n<li>1990 Claus-Peter Hutter; Fritz-Gerhard Link, Wunderland am Waldesrand, Stuttgart\/ Wien 1990 (Umschlaggestaltung und Naturerlebnis-Tafeln BF)<\/li>\n\n\n\n<li>1992 Robert Ripberger, Claus-Peter Hutter, Sch\u00fctzt die Hornissen: Das Standardwerk zum Schutz der Hornissen und anderer Wespen in Deutschland, \u00d6sterreich und der Schweiz, Stuttgart 1994. Illustrationen BF<\/li>\n\n\n\n<li>1992 Claus-Peter Hutter \/ Fritz-Gerhard Link, Wunderwelt Acker und Feld, Stuttgart\/ Wien 1992. Umschlaggestaltung, Naturerlebnis-Tafeln, Insekten-Erkennungstafeln, zahlreiche Illustrationen BF<\/li>\n\n\n\n<li>1994 Claus-Peter Hutter, Sch\u00fctzt die Reptilien, Stuttgart 1994. Layout, Illustrationen, Gesamtgestaltung BF<\/li>\n\n\n\n<li>1996 Ausstellung Sehenswerte Natur. Lebensraum- Panoramabilder in Simultansicht. Tierzeichnungen, Gem\u00e4lde und Grafik von Berthold Faust. Veranstaltet vom Magistrat der Stadt Hofheim, Kulturamt- Stadtmuseum. Er\u00f6ffnung am 19. Mai 1996.<\/li>\n\n\n\n<li>1996 Claus-Peter Hutter \/ Berthold Faust, Leben zwischen Sumpf und Trockenwald, in: Gesellschaft zur Rekultivierung der Kiesgrubenlandschaft Weilbach (Hrsg.), Die Weilbacher Kiesgrubenlandschaft, Hofheim 1996<\/li>\n\n\n\n<li>1999 Berthold Faust, Tiere im Wald. 3.\/4. Schuljahr, Bergedorfer Kopiervorlagen 285, Berthold Faust, Horneburg 1999<\/li>\n\n\n\n<li>2000 Berthold Faust, Tiere in Feld und Dorf. 3.\/4. Schuljahr, Bergedorfer Kopiervorlagen 286, Horneburg 2000<\/li>\n\n\n\n<li>2006 Ulrich Schmid (Autor), Berthold Faust (Illustrator), Wo Tiere und Pflanzen leben: Unsere Lebensr\u00e4ume entdecken, Stuttgart 2006<\/li>\n\n\n\n<li>2020 Akademie f\u00fcr Natur- und Umweltschutz Baden-W\u00fcrttemberg (Hrsg.), Mit Quick dem Frosch der Natur auf der Spur. Artenvielfalt entdecken, erleben, sch\u00fctzen, (Natur Erlebnisbuch f\u00fcr Familien), Stuttgart 2020<\/li>\n<\/ul>\n\n\n\n<div style=\"height:100px\" aria-hidden=\"true\" class=\"wp-block-spacer\"><\/div>\n","protected":false},"excerpt":{"rendered":"<p>Biografie Forthcoming publication\u00a0 Berthold Faust, born on June 6, 1935, in Hofheim am Taunus, became an artist who gained a [&hellip;]<\/p>\n","protected":false},"author":1,"featured_media":0,"parent":0,"menu_order":0,"comment_status":"closed","ping_status":"closed","template":"","meta":{"site-sidebar-layout":"default","site-content-layout":"","ast-site-content-layout":"","site-content-style":"default","site-sidebar-style":"default","ast-global-header-display":"","ast-banner-title-visibility":"","ast-main-header-display":"","ast-hfb-above-header-display":"","ast-hfb-below-header-display":"","ast-hfb-mobile-header-display":"","site-post-title":"disabled","ast-breadcrumbs-content":"","ast-featured-img":"","footer-sml-layout":"","ast-disable-related-posts":"","theme-transparent-header-meta":"enabled","adv-header-id-meta":"","stick-header-meta":"","header-above-stick-meta":"","header-main-stick-meta":"","header-below-stick-meta":"","astra-migrate-meta-layouts":"default","ast-page-background-enabled":"default","ast-page-background-meta":{"desktop":{"background-color":"var(--ast-global-color-4)","background-image":"","background-repeat":"repeat","background-position":"center center","background-size":"auto","background-attachment":"scroll","background-type":"","background-media":"","overlay-type":"","overlay-color":"","overlay-opacity":"","overlay-gradient":""},"tablet":{"background-color":"","background-image":"","background-repeat":"repeat","background-position":"center center","background-size":"auto","background-attachment":"scroll","background-type":"","background-media":"","overlay-type":"","overlay-color":"","overlay-opacity":"","overlay-gradient":""},"mobile":{"background-color":"","background-image":"","background-repeat":"repeat","background-position":"center center","background-size":"auto","background-attachment":"scroll","background-type":"","background-media":"","overlay-type":"","overlay-color":"","overlay-opacity":"","overlay-gradient":""}},"ast-content-background-meta":{"desktop":{"background-color":"var(--ast-global-color-5)","background-image":"","background-repeat":"repeat","background-position":"center center","background-size":"auto","background-attachment":"scroll","background-type":"","background-media":"","overlay-type":"","overlay-color":"","overlay-opacity":"","overlay-gradient":""},"tablet":{"background-color":"var(--ast-global-color-5)","background-image":"","background-repeat":"repeat","background-position":"center center","background-size":"auto","background-attachment":"scroll","background-type":"","background-media":"","overlay-type":"","overlay-color":"","overlay-opacity":"","overlay-gradient":""},"mobile":{"background-color":"var(--ast-global-color-5)","background-image":"","background-repeat":"repeat","background-position":"center center","background-size":"auto","background-attachment":"scroll","background-type":"","background-media":"","overlay-type":"","overlay-color":"","overlay-opacity":"","overlay-gradient":""}},"footnotes":""},"class_list":["post-83","page","type-page","status-publish","hentry"],"translation":{"provider":"WPGlobus","version":"3.0.2","language":"gb","enabled_languages":["de","gb"],"languages":{"de":{"title":true,"content":true,"excerpt":false},"gb":{"title":false,"content":true,"excerpt":false}}},"_links":{"self":[{"href":"https:\/\/berthold-faust.de\/gb\/wp-json\/wp\/v2\/pages\/83","targetHints":{"allow":["GET"]}}],"collection":[{"href":"https:\/\/berthold-faust.de\/gb\/wp-json\/wp\/v2\/pages"}],"about":[{"href":"https:\/\/berthold-faust.de\/gb\/wp-json\/wp\/v2\/types\/page"}],"author":[{"embeddable":true,"href":"https:\/\/berthold-faust.de\/gb\/wp-json\/wp\/v2\/users\/1"}],"replies":[{"embeddable":true,"href":"https:\/\/berthold-faust.de\/gb\/wp-json\/wp\/v2\/comments?post=83"}],"version-history":[{"count":17,"href":"https:\/\/berthold-faust.de\/gb\/wp-json\/wp\/v2\/pages\/83\/revisions"}],"predecessor-version":[{"id":470,"href":"https:\/\/berthold-faust.de\/gb\/wp-json\/wp\/v2\/pages\/83\/revisions\/470"}],"wp:attachment":[{"href":"https:\/\/berthold-faust.de\/gb\/wp-json\/wp\/v2\/media?parent=83"}],"curies":[{"name":"wp","href":"https:\/\/api.w.org\/{rel}","templated":true}]}}